{"id":1985,"date":"2021-10-06T13:28:19","date_gmt":"2021-10-06T13:28:19","guid":{"rendered":"http:\/\/localhost\/machic\/?page_id=1985"},"modified":"2025-12-06T03:34:33","modified_gmt":"2025-12-06T03:34:33","slug":"contact","status":"publish","type":"page","link":"https:\/\/tutunieftinfiricelpunga.ro\/?page_id=1985","title":{"rendered":"Contact"},"content":{"rendered":"\t\t<div data-elementor-type=\"wp-page\" data-elementor-id=\"1985\" class=\"elementor elementor-1985\" data-elementor-post-type=\"page\">\n\t\t\t\t<div class=\"elementor-element elementor-element-e9e108a e-flex e-con-boxed e-con e-parent\" data-id=\"e9e108a\" data-element_type=\"container\" data-e-type=\"container\">\n\t\t\t\t\t<div class=\"e-con-inner\">\n\t\t<div class=\"elementor-element elementor-element-ef2d399 e-con-full e-flex e-con e-child\" data-id=\"ef2d399\" data-element_type=\"container\" data-e-type=\"container\">\n\t\t\t\t<div class=\"elementor-element elementor-element-b81dfe1 elementor-widget__width-initial elementor-widget elementor-widget-html\" data-id=\"b81dfe1\" data-element_type=\"widget\" data-e-type=\"widget\" data-widget_type=\"html.default\">\n\t\t\t\t<div class=\"elementor-widget-container\">\n\t\t\t\t\t<!-- HTML -->\r\n<div class=\"cassette-card-wide\">\r\n  <h2>Tutun Firicel Vrac \u2013 Galeat\u0103 sau Pung\u0103<\/h2>\r\n  <p>Calitate superioar\u0103, t\u0103iat foarte fin pentru a-\u021bi oferi o experien\u021b\u0103 des\u0103v\u00e2r\u0219it\u0103 la umplerea tuburilor sau rulat manual.<\/p>\r\n  <ul>\r\n    <li>Filamente sub\u021biri, f\u0103r\u0103 cotoare sau impurit\u0103\u021bi, cu arom\u0103 natural\u0103 \u0219i fum pl\u0103cut.<\/li>\r\n    <li>For\u021b\u0103 medie, perfect echilibrat\u0103 \u2013 recomand\u0103m tuburi de calitate, cu filtru.<\/li>\r\n    <li>Randament excelent: din 10 g de tutun se ob\u021bin 16 \u021bigarete compacte.<\/li>\r\n    <li>Tutun pur, f\u0103r\u0103 adaosuri chimice, disponibil \u00een variantele Light, Medium \u0219i Strong.<\/li>\r\n    <li>Expediere rapid\u0103 \u00een toat\u0103 Rom\u00e2nia, prin po\u0219t\u0103 sau curier, cu verificare la predare.<\/li>\r\n    <li>Produs rafinat, special conceput pentru umplerea tuburilor \u2013 nu este tutun reciclat.<\/li>\r\n  <\/ul>\r\n  <p class=\"note\">Pentru comenzi \u0219i oferte personalizate la cantit\u0103\u021bi mari, contacteaz\u0103-ne. Garan\u021bia calit\u0103\u021bii \u0219i fidelitatea clien\u021bilor sunt prioritatea noastr\u0103.<\/p>\r\n<\/div>\r\n\t\t\t\t<\/div>\n\t\t\t\t<\/div>\n\t\t\t\t<\/div>\n\t\t<div class=\"elementor-element elementor-element-1550942 e-flex e-con-boxed e-con e-child\" data-id=\"1550942\" data-element_type=\"container\" data-e-type=\"container\" data-settings=\"{&quot;background_background&quot;:&quot;classic&quot;}\">\n\t\t\t\t\t<div class=\"e-con-inner\">\n\t\t\t\t<div class=\"elementor-element elementor-element-ec8111e elementor-widget__width-initial elementor-widget-mobile__width-auto elementor-widget elementor-widget-machic-contact-form-7\" data-id=\"ec8111e\" data-element_type=\"widget\" data-e-type=\"widget\" data-widget_type=\"machic-contact-form-7.default\">\n\t\t\t\t<div class=\"elementor-widget-container\">\n\t\t\t\t\t<div class=\"contact-form\"><h3 class=\"entry-title\">Contactati-ne<\/h3><p>Va raspundem in cel mai scurt timp<\/p>\n<div class=\"wpcf7 no-js\" id=\"wpcf7-f2012-o1\" lang=\"en-US\" dir=\"ltr\" data-wpcf7-id=\"2012\">\n<div class=\"screen-reader-response\"><p role=\"status\" aria-live=\"polite\" aria-atomic=\"true\"><\/p> <ul><\/ul><\/div>\n<form action=\"\/index.php?rest_route=%2Fwp%2Fv2%2Fpages%2F1985#wpcf7-f2012-o1\" method=\"post\" class=\"wpcf7-form init\" aria-label=\"Contact form\" novalidate=\"novalidate\" data-status=\"init\">\n<fieldset class=\"hidden-fields-container\"><input type=\"hidden\" name=\"_wpcf7\" value=\"2012\" \/><input type=\"hidden\" name=\"_wpcf7_version\" value=\"6.1.6\" \/><input type=\"hidden\" name=\"_wpcf7_locale\" value=\"en_US\" \/><input type=\"hidden\" name=\"_wpcf7_unit_tag\" value=\"wpcf7-f2012-o1\" \/><input type=\"hidden\" name=\"_wpcf7_container_post\" value=\"0\" \/><input type=\"hidden\" name=\"_wpcf7_posted_data_hash\" value=\"\" \/>\n<\/fieldset>\n<div class=\"row\">\n\t<div class=\"col-12 col-lg-6\">\n\t\t<p><label> Your name * <\/label><br \/>\n<span class=\"wpcf7-form-control-wrap\" data-name=\"your-name\"><input size=\"40\" maxlength=\"400\" class=\"wpcf7-form-control wpcf7-text wpcf7-validates-as-required\" aria-required=\"true\" aria-invalid=\"false\" value=\"\" type=\"text\" name=\"your-name\" \/><\/span>\n\t\t<\/p>\n\t<\/div>\n\t<div class=\"col-12 col-lg-6\">\n\t\t<p><label> Your email *<\/label><br \/>\n<span class=\"wpcf7-form-control-wrap\" data-name=\"your-email\"><input size=\"40\" maxlength=\"400\" class=\"wpcf7-form-control wpcf7-email wpcf7-validates-as-required wpcf7-text wpcf7-validates-as-email\" aria-required=\"true\" aria-invalid=\"false\" value=\"\" type=\"email\" name=\"your-email\" \/><\/span>\n\t\t<\/p>\n\t<\/div>\n\t<div class=\"col-12 col-lg-12\">\n\t\t<p><label> Subject * <\/label><br \/>\n<span class=\"wpcf7-form-control-wrap\" data-name=\"your-subject\"><input size=\"40\" maxlength=\"400\" class=\"wpcf7-form-control wpcf7-text wpcf7-validates-as-required\" aria-required=\"true\" aria-invalid=\"false\" value=\"\" type=\"text\" name=\"your-subject\" \/><\/span>\n\t\t<\/p>\n\t<\/div>\n\t<div class=\"col-12 col-lg-12\">\n\t\t<p><label> Your message <\/label><br \/>\n<span class=\"wpcf7-form-control-wrap\" data-name=\"your-message\"><textarea cols=\"40\" rows=\"10\" maxlength=\"2000\" class=\"wpcf7-form-control wpcf7-textarea\" aria-invalid=\"false\" name=\"your-message\"><\/textarea><\/span>\n\t\t<\/p>\n\t<\/div>\n\t<div class=\"col-12 col-lg-12\">\n\t\t<p><input class=\"wpcf7-form-control wpcf7-submit has-spinner\" type=\"submit\" value=\"Send Message\" \/>\n\t\t<\/p>\n\t<\/div>\n<\/div><div class=\"wpcf7-response-output\" aria-hidden=\"true\"><\/div>\n<\/form>\n<\/div>\n<\/div><!-- contact-form -->\t\t\t\t<\/div>\n\t\t\t\t<\/div>\n\t\t\t\t\t<\/div>\n\t\t\t\t<\/div>\n\t\t\t\t\t<\/div>\n\t\t\t\t<\/div>\n\t\t<div class=\"elementor-element elementor-element-b266aa2 e-flex e-con-boxed e-con e-parent\" data-id=\"b266aa2\" data-element_type=\"container\" data-e-type=\"container\">\n\t\t\t\t\t<div class=\"e-con-inner\">\n\t\t\t\t<div class=\"elementor-element elementor-element-4c410aa elementor-widget elementor-widget-machic-product-carousel\" data-id=\"4c410aa\" data-element_type=\"widget\" data-e-type=\"widget\" data-widget_type=\"machic-product-carousel.default\">\n\t\t\t\t<div class=\"elementor-widget-container\">\n\t\t\t\t\t<div class=\"site-module products-module mt-30 d-mt-40\"><div class=\"module-header\"><h4 class=\"entry-title\">Cele mai vandute<\/h4><a href=\"\"  class=\"btn link\"> <i class=\"klbth-icon-right-arrow\"><\/i><\/a><\/div><!-- module-header --><div class=\"module-wrapper\"><div class=\"product-carousel swiper-container\" data-effect=\"slide\" data-direction=\"horizontal\" data-loop=\"true\" data-speed=\"1000\" data-spacebetween=\"20\" data-autoplay=\"false\" data-autospeed=\"\" data-items=\"4\" data-mobileitems=\"1\" data-tabletitems=\"2\"><div class=\"products swiper-wrapper\"><div class=\"swiper-slide\"><div class=\"product product-type-simple\"><div class=\"product-wrapper product-type-1\"><div class=\"product-content\"><div class=\"thumbnail-wrapper\"><a href=\"https:\/\/tutunieftinfiricelpunga.ro\/?product=tabachera-angelo-20-tigari\"><img decoding=\"async\" src=\"https:\/\/tutunieftinfiricelpunga.ro\/wp-content\/uploads\/2025\/06\/ChatGPT-Image-Dec-6-2025-03_00_38-AM-400x400.png\" alt=\"Tabachera Angelo 20 Tigari\"><\/a><div class=\"product-buttons\"><a href=\"https:\/\/tutunieftinfiricelpunga.ro\/\" class=\"wishlist klbwl-btn klbwl-btn-2948\" data-product_id=\"2948\" data-product_title=\"Tabachera Angelo 20 Tigari\">Adaug\u0103 la lista de dorin\u021be<\/a><a href=\"?add-to-compare=2948\" class=\"klbcp-btn klbcp-btn-2948\" data-id=\"2948\" data-product_name=\"Tabachera Angelo 20 Tigari\" data-product_image=\"https:\/\/tutunieftinfiricelpunga.ro\/wp-content\/uploads\/2025\/06\/ChatGPT-Image-Dec-6-2025-03_00_38-AM-150x150.png\"> Compara\u021bi<\/a><a data-product_id=\"2948\" class=\"detail-bnt quickview animated\"><i class=\"klbth-icon-eye-empty\"><\/i><\/a><\/div><\/div><div class=\"content-wrapper\"><h3 class=\"product-title\"><a href=\"https:\/\/tutunieftinfiricelpunga.ro\/?product=tabachera-angelo-20-tigari\">Tabachera Angelo 20 Tigari<\/a><\/h3><div class=\"product-price-cart\"><span class=\"price\"><span class=\"woocommerce-Price-amount amount\"><bdi>30\u00a0<span class=\"woocommerce-Price-currencySymbol\">lei<\/span><\/bdi><\/span><\/span><a href=\"\/index.php?rest_route=%2Fwp%2Fv2%2Fpages%2F1985&add-to-cart=2948\" aria-describedby=\"woocommerce_loop_add_to_cart_link_describedby_2948\" data-quantity=\"1\" class=\"button product_type_simple add_to_cart_button ajax_add_to_cart\" data-product_id=\"2948\" data-product_sku=\"\" aria-label=\"Adaug\u0103 \u00een co\u0219: \u201cTabachera Angelo 20 Tigari\u201d\" rel=\"nofollow\" data-success_message=\"\u201cTabachera Angelo 20 Tigari\u201d a fost ad\u0103ugat \u00een co\u0219\" role=\"button\"><i class=\"klbth-icon-shop-1\"><\/i> Ad\u0103uga\u021bi \u00een co\u0219<\/a>\t<span id=\"woocommerce_loop_add_to_cart_link_describedby_2948\" class=\"screen-reader-text\">\n\t\t\t<\/span>\n<\/div><div class=\"product-meta\"><\/div><\/div><\/div><\/div><div class=\"product-content-fade\"><\/div><\/div><\/div><div class=\"swiper-slide\"><div class=\"product product-type-simple\"><div class=\"product-wrapper product-type-1\"><div class=\"product-content\"><div class=\"thumbnail-wrapper\"><a href=\"https:\/\/tutunieftinfiricelpunga.ro\/?product=aparat-manual-pentru-injectat-tutun\"><img decoding=\"async\" src=\"https:\/\/tutunieftinfiricelpunga.ro\/wp-content\/uploads\/2025\/05\/ChatGPT-Image-Dec-6-2025-02_57_28-AM-400x400.png\" alt=\"Aparat Manual pentru Injectat Tutun\"><\/a><div class=\"product-buttons\"><a href=\"https:\/\/tutunieftinfiricelpunga.ro\/\" class=\"wishlist klbwl-btn klbwl-btn-2674\" data-product_id=\"2674\" data-product_title=\"Aparat Manual pentru Injectat Tutun\">Adaug\u0103 la lista de dorin\u021be<\/a><a href=\"?add-to-compare=2674\" class=\"klbcp-btn klbcp-btn-2674\" data-id=\"2674\" data-product_name=\"Aparat Manual pentru Injectat Tutun\" data-product_image=\"https:\/\/tutunieftinfiricelpunga.ro\/wp-content\/uploads\/2025\/05\/ChatGPT-Image-Dec-6-2025-02_57_28-AM-150x150.png\"> Compara\u021bi<\/a><a data-product_id=\"2674\" class=\"detail-bnt quickview animated\"><i class=\"klbth-icon-eye-empty\"><\/i><\/a><\/div><\/div><div class=\"content-wrapper\"><h3 class=\"product-title\"><a href=\"https:\/\/tutunieftinfiricelpunga.ro\/?product=aparat-manual-pentru-injectat-tutun\">Aparat Manual pentru Injectat Tutun<\/a><\/h3><div class=\"product-price-cart\"><span class=\"price\"><span class=\"woocommerce-Price-amount amount\"><bdi>30\u00a0<span class=\"woocommerce-Price-currencySymbol\">lei<\/span><\/bdi><\/span><\/span><a href=\"\/index.php?rest_route=%2Fwp%2Fv2%2Fpages%2F1985&add-to-cart=2674\" aria-describedby=\"woocommerce_loop_add_to_cart_link_describedby_2674\" data-quantity=\"1\" class=\"button product_type_simple add_to_cart_button ajax_add_to_cart\" data-product_id=\"2674\" data-product_sku=\"\" aria-label=\"Adaug\u0103 \u00een co\u0219: \u201cAparat Manual pentru Injectat Tutun\u201d\" rel=\"nofollow\" data-success_message=\"\u201cAparat Manual pentru Injectat Tutun\u201d a fost ad\u0103ugat \u00een co\u0219\" role=\"button\"><i class=\"klbth-icon-shop-1\"><\/i> Ad\u0103uga\u021bi \u00een co\u0219<\/a>\t<span id=\"woocommerce_loop_add_to_cart_link_describedby_2674\" class=\"screen-reader-text\">\n\t\t\t<\/span>\n<\/div><div class=\"product-meta\"><\/div><\/div><\/div><\/div><div class=\"product-content-fade\"><\/div><\/div><\/div><div class=\"swiper-slide\"><div class=\"product product-type-simple\"><div class=\"product-wrapper product-type-1\"><div class=\"product-content\"><div class=\"thumbnail-wrapper\"><a href=\"https:\/\/tutunieftinfiricelpunga.ro\/?product=tuburi-cu-filtru-200-buc\"><img decoding=\"async\" src=\"https:\/\/tutunieftinfiricelpunga.ro\/wp-content\/uploads\/2025\/05\/ChatGPT-Image-Dec-6-2025-02_54_03-AM-400x400.png\" alt=\"Tuburi cu filtru 500 buc\"><\/a><div class=\"product-buttons\"><a href=\"https:\/\/tutunieftinfiricelpunga.ro\/\" class=\"wishlist klbwl-btn klbwl-btn-2672\" data-product_id=\"2672\" data-product_title=\"Tuburi cu filtru 500 buc\">Adaug\u0103 la lista de dorin\u021be<\/a><a href=\"?add-to-compare=2672\" class=\"klbcp-btn klbcp-btn-2672\" data-id=\"2672\" data-product_name=\"Tuburi cu filtru 500 buc\" data-product_image=\"https:\/\/tutunieftinfiricelpunga.ro\/wp-content\/uploads\/2025\/05\/ChatGPT-Image-Dec-6-2025-02_54_03-AM-150x150.png\"> Compara\u021bi<\/a><a data-product_id=\"2672\" class=\"detail-bnt quickview animated\"><i class=\"klbth-icon-eye-empty\"><\/i><\/a><\/div><\/div><div class=\"content-wrapper\"><h3 class=\"product-title\"><a href=\"https:\/\/tutunieftinfiricelpunga.ro\/?product=tuburi-cu-filtru-200-buc\">Tuburi cu filtru 500 buc<\/a><\/h3><div class=\"product-price-cart\"><span class=\"price\"><span class=\"woocommerce-Price-amount amount\"><bdi>30\u00a0<span class=\"woocommerce-Price-currencySymbol\">lei<\/span><\/bdi><\/span><\/span><a href=\"\/index.php?rest_route=%2Fwp%2Fv2%2Fpages%2F1985&add-to-cart=2672\" aria-describedby=\"woocommerce_loop_add_to_cart_link_describedby_2672\" data-quantity=\"1\" class=\"button product_type_simple add_to_cart_button ajax_add_to_cart\" data-product_id=\"2672\" data-product_sku=\"\" aria-label=\"Adaug\u0103 \u00een co\u0219: \u201cTuburi cu filtru 500 buc\u201d\" rel=\"nofollow\" data-success_message=\"\u201cTuburi cu filtru 500 buc\u201d a fost ad\u0103ugat \u00een co\u0219\" role=\"button\"><i class=\"klbth-icon-shop-1\"><\/i> Ad\u0103uga\u021bi \u00een co\u0219<\/a>\t<span id=\"woocommerce_loop_add_to_cart_link_describedby_2672\" class=\"screen-reader-text\">\n\t\t\t<\/span>\n<\/div><div class=\"product-meta\"><\/div><\/div><\/div><\/div><div class=\"product-content-fade\"><\/div><\/div><\/div><div class=\"swiper-slide\"><div class=\"product product-type-variable\"><div class=\"product-wrapper product-type-1\"><div class=\"product-content\"><div class=\"thumbnail-wrapper\"><a href=\"https:\/\/tutunieftinfiricelpunga.ro\/?product=camel-1kg\"><img decoding=\"async\" src=\"https:\/\/tutunieftinfiricelpunga.ro\/wp-content\/uploads\/2025\/05\/ChatGPT-Image-Dec-6-2025-02_38_03-AM-400x400.png\" alt=\"Camel 1KG\"><\/a><div class=\"product-buttons\"><a href=\"https:\/\/tutunieftinfiricelpunga.ro\/\" class=\"wishlist klbwl-btn klbwl-btn-2667\" data-product_id=\"2667\" data-product_title=\"Camel 1KG\">Adaug\u0103 la lista de dorin\u021be<\/a><a href=\"?add-to-compare=2667\" class=\"klbcp-btn klbcp-btn-2667\" data-id=\"2667\" data-product_name=\"Camel 1KG\" data-product_image=\"https:\/\/tutunieftinfiricelpunga.ro\/wp-content\/uploads\/2025\/05\/ChatGPT-Image-Dec-6-2025-02_38_03-AM-150x150.png\"> Compara\u021bi<\/a><a data-product_id=\"2667\" class=\"detail-bnt quickview animated\"><i class=\"klbth-icon-eye-empty\"><\/i><\/a><\/div><\/div><div class=\"content-wrapper\"><h3 class=\"product-title\"><a href=\"https:\/\/tutunieftinfiricelpunga.ro\/?product=camel-1kg\">Camel 1KG<\/a><\/h3><div class=\"product-price-cart\"><span class=\"price\"><span class=\"woocommerce-Price-amount amount\" aria-hidden=\"true\"><bdi>120\u00a0<span class=\"woocommerce-Price-currencySymbol\">lei<\/span><\/bdi><\/span> <span aria-hidden=\"true\">\u2013<\/span> <span class=\"woocommerce-Price-amount amount\" aria-hidden=\"true\"><bdi>200\u00a0<span class=\"woocommerce-Price-currencySymbol\">lei<\/span><\/bdi><\/span><span class=\"screen-reader-text\">Interval de pre\u021buri: 120\u00a0lei p\u00e2n\u0103 la 200\u00a0lei<\/span><\/span><a href=\"https:\/\/tutunieftinfiricelpunga.ro\/?product=camel-1kg\" aria-describedby=\"woocommerce_loop_add_to_cart_link_describedby_2667\" data-quantity=\"1\" class=\"button product_type_variable add_to_cart_button\" data-product_id=\"2667\" data-product_sku=\"in stoc\" aria-label=\"Selecta\u021bi op\u021biunile pentru \u201cCamel 1KG\u201d\" rel=\"nofollow\"><i class=\"klbth-icon-shop-1\"><\/i> Selecta\u021bi op\u021biunile<\/a>\t<span id=\"woocommerce_loop_add_to_cart_link_describedby_2667\" class=\"screen-reader-text\">\n\t\tAcest produs are mai multe variante. Op\u021biunile pot fi alese pe pagina produsului\t<\/span>\n<\/div><div class=\"product-meta\"><\/div><\/div><\/div><\/div><div class=\"product-content-fade\"><\/div><\/div><\/div><\/div><!-- products --><div class=\"swiper-button-prev\"><\/div><div class=\"swiper-button-next\"><\/div><\/div><!-- swiper-container --><\/div><!-- module-wrapper --><\/div><!-- site-module -->\t\t\t\t<\/div>\n\t\t\t\t<\/div>\n\t\t\t\t\t<\/div>\n\t\t\t\t<\/div>\n\t\t\t\t<\/div>\n\t\t","protected":false},"excerpt":{"rendered":"<p>Tutun Firicel Vrac \u2013 Galeat\u0103 sau Pung\u0103 Calitate superioar\u0103, t\u0103iat foarte fin pentru a-\u021bi oferi o experien\u021b\u0103 des\u0103v\u00e2r\u0219it\u0103 la umplerea tuburilor sau rulat manual. Filamente sub\u021biri, f\u0103r\u0103 cotoare sau impurit\u0103\u021bi, cu arom\u0103 natural\u0103 \u0219i fum pl\u0103cut. For\u021b\u0103 medie, perfect echilibrat\u0103 \u2013 recomand\u0103m tuburi de calitate, cu filtru. Randament excelent: din 10 g de tutun se<\/p>\n<div class=\"klb-readmore entry-button\"><a class=\"btn read-more\" href=\"https:\/\/tutunieftinfiricelpunga.ro\/?product=camel-1kg\">Cite\u0219te mai mult<\/a><\/div>\n","protected":false},"author":1,"featured_media":0,"parent":0,"menu_order":0,"comment_status":"closed","ping_status":"closed","template":"","meta":{"footnotes":""},"class_list":["post-1985","page","type-page","status-publish","hentry"],"aioseo_notices":[],"jetpack_sharing_enabled":true,"_links":{"self":[{"href":"https:\/\/tutunieftinfiricelpunga.ro\/index.php?rest_route=\/wp\/v2\/pages\/1985","targetHints":{"allow":["GET"]}}],"collection":[{"href":"https:\/\/tutunieftinfiricelpunga.ro\/index.php?rest_route=\/wp\/v2\/pages"}],"about":[{"href":"https:\/\/tutunieftinfiricelpunga.ro\/index.php?rest_route=\/wp\/v2\/types\/page"}],"author":[{"embeddable":true,"href":"https:\/\/tutunieftinfiricelpunga.ro\/index.php?rest_route=\/wp\/v2\/users\/1"}],"replies":[{"embeddable":true,"href":"https:\/\/tutunieftinfiricelpunga.ro\/index.php?rest_route=%2Fwp%2Fv2%2Fcomments&post=1985"}],"version-history":[{"count":10,"href":"https:\/\/tutunieftinfiricelpunga.ro\/index.php?rest_route=\/wp\/v2\/pages\/1985\/revisions"}],"predecessor-version":[{"id":3898,"href":"https:\/\/tutunieftinfiricelpunga.ro\/index.php?rest_route=\/wp\/v2\/pages\/1985\/revisions\/3898"}],"wp:attachment":[{"href":"https:\/\/tutunieftinfiricelpunga.ro\/index.php?rest_route=%2Fwp%2Fv2%2Fmedia&parent=1985"}],"curies":[{"name":"wp","href":"https:\/\/api.w.org\/{rel}","templated":true}]}}