{"id":2657,"date":"2025-05-09T11:21:06","date_gmt":"2025-05-09T11:21:06","guid":{"rendered":"http:\/\/tutunieftinfiricelpunga.ro\/?post_type=product&#038;p=2657"},"modified":"2025-12-08T11:45:23","modified_gmt":"2025-12-08T11:45:23","slug":"pall-mall-albastru-1kg","status":"publish","type":"product","link":"https:\/\/tutunieftinfiricelpunga.ro\/?product=pall-mall-albastru-1kg","title":{"rendered":"Pall Mall Albastru 1KG"},"content":{"rendered":"<p class=\"\" data-start=\"0\" data-end=\"64\">Tutun vrac rafinat \u2013 calitate premium, pentru \u0163igarete perfecte!<\/p>\n<p class=\"\" data-start=\"66\" data-end=\"861\">\u2022 <strong data-start=\"68\" data-end=\"102\">F\u00e2\u0219ii sub\u021biri, f\u0103r\u0103 impurit\u0103\u021bi<\/strong>: Tutunul este t\u0103iat fin, f\u0103r\u0103 cotoare sau reziduuri, asigur\u00e2nd un miros pl\u0103cut \u015fi un fum neted.<br data-start=\"198\" data-end=\"201\" \/>\u2022 <strong data-start=\"203\" data-end=\"242\">Arom\u0103 natural\u0103, \u00een trei intensit\u0103\u021bi<\/strong>: Disponibil \u00een variantele Light, Medium \u015fi Strong, f\u0103r\u0103 adaosuri chimice.<br data-start=\"316\" data-end=\"319\" \/>\u2022 <strong data-start=\"321\" data-end=\"347\">Compatibilitate maxim\u0103<\/strong>: Se umplu u\u0219or tuburi de \u0163igar\u0103 cu filtru de calitate \u2013 diferen\u021ba dintre o \u0163igar\u0103 slab\u0103 \u015fi una puternic\u0103 st\u0103 \u00een tutun \u015fi h\u00e2rtia folosit\u0103!<br data-start=\"485\" data-end=\"488\" \/>\u2022 <strong data-start=\"490\" data-end=\"516\">Randament impresionant<\/strong>: Din 10 g de tutun ob\u021bine\u021bi 16 \u0163igarete bine presate; un kilogram v\u0103 ajunge pentru aproximativ 55-60 pachete.<br data-start=\"626\" data-end=\"629\" \/>\u2022 <strong data-start=\"631\" data-end=\"663\">Livrare sigur\u0103 \u00een toat\u0103 \u0163ara<\/strong>: Expediem prin po\u015ft\u0103 sau curier, cu posibilitate de verificare la predare.<br data-start=\"738\" data-end=\"741\" \/>\u2022 <strong data-start=\"743\" data-end=\"767\">Garan\u021bie de calitate<\/strong>: Nu e tutun reciclat din \u0163ig\u0103ri arse, ci un produs creat special pentru umplerea tuburilor.<\/p>\n<p class=\"\" data-start=\"863\" data-end=\"967\">Pentru comenzile mari, pre\u021bul este negociabil.<\/p>\n","protected":false},"excerpt":{"rendered":"<p>Tutun vrac rafinat \u2013 calitate premium, pentru \u0163igarete perfecte! \u2022 F\u00e2\u0219ii sub\u021biri, f\u0103r\u0103 impurit\u0103\u021bi: Tutunul este t\u0103iat fin, f\u0103r\u0103 cotoare sau reziduuri, asigur\u00e2nd un miros pl\u0103cut \u015fi un fum neted.\u2022 Arom\u0103 natural\u0103, \u00een trei intensit\u0103\u021bi: Disponibil \u00een variantele Light, Medium \u015fi Strong, f\u0103r\u0103 adaosuri chimice.\u2022 Compatibilitate maxim\u0103: Se umplu u\u0219or tuburi de \u0163igar\u0103 cu filtru<\/p>\n<div class=\"klb-readmore entry-button\"><a class=\"btn read-more\" href=\"https:\/\/tutunieftinfiricelpunga.ro\/?product=pall-mall-albastru-1kg\">Cite\u0219te mai mult<\/a><\/div>\n","protected":false},"featured_media":3787,"comment_status":"open","ping_status":"closed","template":"","meta":[],"product_brand":[148],"product_cat":[128],"product_tag":[],"class_list":{"0":"post-2657","1":"product","2":"type-product","3":"status-publish","4":"has-post-thumbnail","6":"product_brand-pall-mall","7":"product_cat-tutun-galeata","9":"first","10":"instock","11":"shipping-taxable","12":"purchasable","13":"product-type-variable","14":"has-default-attributes"},"aioseo_notices":[],"jetpack_sharing_enabled":true,"_links":{"self":[{"href":"https:\/\/tutunieftinfiricelpunga.ro\/index.php?rest_route=\/wp\/v2\/product\/2657","targetHints":{"allow":["GET"]}}],"collection":[{"href":"https:\/\/tutunieftinfiricelpunga.ro\/index.php?rest_route=\/wp\/v2\/product"}],"about":[{"href":"https:\/\/tutunieftinfiricelpunga.ro\/index.php?rest_route=\/wp\/v2\/types\/product"}],"replies":[{"embeddable":true,"href":"https:\/\/tutunieftinfiricelpunga.ro\/index.php?rest_route=%2Fwp%2Fv2%2Fcomments&post=2657"}],"wp:featuredmedia":[{"embeddable":true,"href":"https:\/\/tutunieftinfiricelpunga.ro\/index.php?rest_route=\/wp\/v2\/media\/3787"}],"wp:attachment":[{"href":"https:\/\/tutunieftinfiricelpunga.ro\/index.php?rest_route=%2Fwp%2Fv2%2Fmedia&parent=2657"}],"wp:term":[{"taxonomy":"product_brand","embeddable":true,"href":"https:\/\/tutunieftinfiricelpunga.ro\/index.php?rest_route=%2Fwp%2Fv2%2Fproduct_brand&post=2657"},{"taxonomy":"product_cat","embeddable":true,"href":"https:\/\/tutunieftinfiricelpunga.ro\/index.php?rest_route=%2Fwp%2Fv2%2Fproduct_cat&post=2657"},{"taxonomy":"product_tag","embeddable":true,"href":"https:\/\/tutunieftinfiricelpunga.ro\/index.php?rest_route=%2Fwp%2Fv2%2Fproduct_tag&post=2657"}],"curies":[{"name":"wp","href":"https:\/\/api.w.org\/{rel}","templated":true}]}}