{"id":2674,"date":"2025-05-09T11:29:45","date_gmt":"2025-05-09T11:29:45","guid":{"rendered":"http:\/\/tutunieftinfiricelpunga.ro\/?post_type=product&#038;p=2674"},"modified":"2025-12-06T02:59:04","modified_gmt":"2025-12-06T02:59:04","slug":"aparat-manual-pentru-injectat-tutun","status":"publish","type":"product","link":"https:\/\/tutunieftinfiricelpunga.ro\/?product=aparat-manual-pentru-injectat-tutun","title":{"rendered":"Aparat Manual pentru Injectat Tutun"},"content":{"rendered":"<p class=\"\" data-start=\"0\" data-end=\"57\"><strong data-start=\"0\" data-end=\"57\">Aparat Manual pentru Injectat Tutun \u2013 Edi\u021bie Standard<\/strong><\/p>\n<p class=\"\" data-start=\"59\" data-end=\"208\">Transform\u0103-\u021bi experien\u021ba de umplere a \u0163ig\u0103rilor acas\u0103 cu acest aparat robust, u\u0219or de utilizat \u0219i conceput pentru rezultate perfecte de fiecare dat\u0103!<\/p>\n<hr class=\"\" data-start=\"210\" data-end=\"213\" \/>\n<h3 class=\"\" data-start=\"215\" data-end=\"244\">Caracteristici principale<\/h3>\n<ul data-start=\"246\" data-end=\"1053\">\n<li class=\"\" data-start=\"246\" data-end=\"406\">\n<p class=\"\" data-start=\"248\" data-end=\"406\"><strong data-start=\"248\" data-end=\"279\">Design ergonomic \u0219i compact<\/strong><br data-start=\"279\" data-end=\"282\" \/>Dimensiune standard, ideal\u0103 pentru uz casnic sau \u00een c\u0103l\u0103torii, se manevreaz\u0103 cu o singur\u0103 m\u00e2n\u0103 \u0219i \u00eencap \u00een orice sertar.<\/p>\n<\/li>\n<li class=\"\" data-start=\"408\" data-end=\"561\">\n<p class=\"\" data-start=\"410\" data-end=\"561\"><strong data-start=\"410\" data-end=\"434\">Construc\u021bie durabil\u0103<\/strong><br data-start=\"434\" data-end=\"437\" \/>Fabricat din metal \u015fi plastic de \u00eenalt\u0103 calitate, rezistent la coroziune \u0219i uzur\u0103, pentru sute de umpleri f\u0103r\u0103 probleme.<\/p>\n<\/li>\n<li class=\"\" data-start=\"563\" data-end=\"716\">\n<p class=\"\" data-start=\"565\" data-end=\"716\"><strong data-start=\"565\" data-end=\"595\">Sistem precis de injectare<\/strong><br data-start=\"595\" data-end=\"598\" \/>Mecanism fin de comprimare, care asigur\u0103 o densitate uniform\u0103 a tutunului \u00een tuburi, f\u0103r\u0103 goluri sau exces de aer.<\/p>\n<\/li>\n<li class=\"\" data-start=\"718\" data-end=\"893\">\n<p class=\"\" data-start=\"720\" data-end=\"893\"><strong data-start=\"720\" data-end=\"749\">Schimb rapid de accesorii<\/strong><br data-start=\"749\" data-end=\"752\" \/>Vine la pachet cu un cap de schimb: \u00eenlocuirea se face \u00een c\u00e2teva secunde, prelungind via\u021ba aparatului \u0219i men\u021bin\u00e2nd performan\u021ba constant\u0103.<\/p>\n<\/li>\n<li class=\"\" data-start=\"895\" data-end=\"1053\">\n<p class=\"\" data-start=\"897\" data-end=\"1053\"><strong data-start=\"897\" data-end=\"931\">Cur\u0103\u021bare \u0219i \u00eentre\u021binere simpl\u0103<\/strong><br data-start=\"931\" data-end=\"934\" \/>Componentele se demonteaz\u0103 u\u0219or, pot fi cl\u0103tite sub jet de ap\u0103 sau \u015fterse cu o lavet\u0103 uscat\u0103, f\u0103r\u0103 riscul de blocaje.<\/p>\n<\/li>\n<\/ul>\n<hr class=\"\" data-start=\"1055\" data-end=\"1058\" \/>\n<h3 class=\"\" data-start=\"1060\" data-end=\"1085\">Avantaje \u015fi beneficii<\/h3>\n<ol data-start=\"1087\" data-end=\"1846\">\n<li class=\"\" data-start=\"1087\" data-end=\"1270\">\n<p class=\"\" data-start=\"1090\" data-end=\"1110\"><strong data-start=\"1090\" data-end=\"1108\">Umplere rapid\u0103<\/strong><\/p>\n<ul data-start=\"1114\" data-end=\"1270\">\n<li class=\"\" data-start=\"1114\" data-end=\"1190\">\n<p class=\"\" data-start=\"1116\" data-end=\"1190\">Economise\u0219ti timp: p\u00e2n\u0103 la 16 \u0163igarete umplute \u00een mai pu\u021bin de 5 minute.<\/p>\n<\/li>\n<li class=\"\" data-start=\"1194\" data-end=\"1270\">\n<p class=\"\" data-start=\"1196\" data-end=\"1270\">Procedur\u0103 intuitiv\u0103: perfect pentru utilizatorii \u00eencep\u0103tori \u0219i avansa\u021bi.<\/p>\n<\/li>\n<\/ul>\n<\/li>\n<li class=\"\" data-start=\"1272\" data-end=\"1458\">\n<p class=\"\" data-start=\"1275\" data-end=\"1306\"><strong data-start=\"1275\" data-end=\"1304\">Control total al umplerii<\/strong><\/p>\n<ul data-start=\"1310\" data-end=\"1458\">\n<li class=\"\" data-start=\"1310\" data-end=\"1379\">\n<p class=\"\" data-start=\"1312\" data-end=\"1379\">Ajustezi cu precizie cantitatea de tutun ce intr\u0103 \u00een fiecare tub.<\/p>\n<\/li>\n<li class=\"\" data-start=\"1383\" data-end=\"1458\">\n<p class=\"\" data-start=\"1385\" data-end=\"1458\">Ob\u0163ii \u0163igarete uniforme, cu fum consistent \u015fi experien\u021b\u0103 personalizat\u0103.<\/p>\n<\/li>\n<\/ul>\n<\/li>\n<li class=\"\" data-start=\"1460\" data-end=\"1649\">\n<p class=\"\" data-start=\"1463\" data-end=\"1499\"><strong data-start=\"1463\" data-end=\"1497\">Raport cost-eficien\u021b\u0103 excelent<\/strong><\/p>\n<ul data-start=\"1503\" data-end=\"1649\">\n<li class=\"\" data-start=\"1503\" data-end=\"1590\">\n<p class=\"\" data-start=\"1505\" data-end=\"1590\">Investe\u0219ti o singur\u0103 dat\u0103 \u00eentr-un aparat de calitate, care elimin\u0103 risipa de tutun.<\/p>\n<\/li>\n<li class=\"\" data-start=\"1594\" data-end=\"1649\">\n<p class=\"\" data-start=\"1596\" data-end=\"1649\">Salvezi bani comparativ cu \u0163ig\u0103rile gata fabricate.<\/p>\n<\/li>\n<\/ul>\n<\/li>\n<li class=\"\" data-start=\"1651\" data-end=\"1846\">\n<p class=\"\" data-start=\"1654\" data-end=\"1682\"><strong data-start=\"1654\" data-end=\"1680\">Durabilitate garantat\u0103<\/strong><\/p>\n<ul data-start=\"1686\" data-end=\"1846\">\n<li class=\"\" data-start=\"1686\" data-end=\"1775\">\n<p class=\"\" data-start=\"1688\" data-end=\"1775\">Mecanisme metalice rezistente \u0219i capac de schimb inclus pentru utilizare \u00eendelungat\u0103.<\/p>\n<\/li>\n<li class=\"\" data-start=\"1779\" data-end=\"1846\">\n<p class=\"\" data-start=\"1781\" data-end=\"1846\">Suport tehnic \u015fi rezerve de capete disponibile \u00een oferta noastr\u0103.<\/p>\n<\/li>\n<\/ul>\n<\/li>\n<\/ol>\n<hr class=\"\" data-start=\"1848\" data-end=\"1851\" \/>\n<h3 class=\"\" data-start=\"1853\" data-end=\"1878\">Ce prime\u0219ti \u00een pachet<\/h3>\n<ul data-start=\"1880\" data-end=\"2009\">\n<li class=\"\" data-start=\"1880\" data-end=\"1927\">\n<p class=\"\" data-start=\"1882\" data-end=\"1927\"><strong data-start=\"1882\" data-end=\"1925\">1 \u00d7 Aparat manual pentru injectat tutun<\/strong><\/p>\n<\/li>\n<li class=\"\" data-start=\"1928\" data-end=\"2009\">\n<p class=\"\" data-start=\"1930\" data-end=\"2009\"><strong data-start=\"1930\" data-end=\"1951\">1 \u00d7 Cap de schimb<\/strong> \u2014 pentru mentenan\u021b\u0103 rapid\u0103 \u0219i continuitate \u00een utilizare<\/p>\n<\/li>\n<\/ul>\n<hr class=\"\" data-start=\"2011\" data-end=\"2014\" \/>\n<h3 class=\"\" data-start=\"2016\" data-end=\"2031\">Cum comanzi<\/h3>\n<ol data-start=\"2033\" data-end=\"2282\">\n<li class=\"\" data-start=\"2033\" data-end=\"2122\">\n<p class=\"\" data-start=\"2036\" data-end=\"2122\"><strong data-start=\"2036\" data-end=\"2062\">Adaug\u0103 produsul \u00een co\u0219<\/strong>: \u201eAparat manual pentru injectat tutun \u2013 edi\u021bie standard\u201d.<\/p>\n<\/li>\n<li class=\"\" data-start=\"2123\" data-end=\"2189\">\n<p class=\"\" data-start=\"2126\" data-end=\"2189\"><strong data-start=\"2126\" data-end=\"2151\">Alege metoda de plat\u0103<\/strong>: card, transfer bancar sau ramburs.<\/p>\n<\/li>\n<li class=\"\" data-start=\"2190\" data-end=\"2282\">\n<p class=\"\" data-start=\"2193\" data-end=\"2282\"><strong data-start=\"2193\" data-end=\"2211\">Livrare expres<\/strong>: prin curier sau po\u0219t\u0103, cu ambalaj discret \u0219i verificare la predare.<\/p>\n<\/li>\n<\/ol>\n<p class=\"\" data-start=\"2284\" data-end=\"2406\">Pentru comenzi \u00een serie sau pentru distribuitori, <strong data-start=\"2334\" data-end=\"2360\">pre\u021bul este negociabil<\/strong> \u2013 contacteaz\u0103-ne pentru ofert\u0103 personalizat\u0103!<\/p>\n<blockquote data-start=\"2408\" data-end=\"2504\">\n<p class=\"\" data-start=\"2410\" data-end=\"2504\"><strong data-start=\"2410\" data-end=\"2502\">Optimizeaz\u0103-\u021bi timpul \u0219i bucur\u0103-te de fiecare \u0163igar\u0103 preparat\u0103 cu precizie profesional\u0103!<\/strong><\/p>\n<\/blockquote>\n","protected":false},"excerpt":{"rendered":"<p>Aparat Manual pentru Injectat Tutun \u2013 Edi\u021bie Standard Transform\u0103-\u021bi experien\u021ba de umplere a \u0163ig\u0103rilor acas\u0103 cu acest aparat robust, u\u0219or de utilizat \u0219i conceput pentru rezultate perfecte de fiecare dat\u0103! Caracteristici principale Design ergonomic \u0219i compactDimensiune standard, ideal\u0103 pentru uz casnic sau \u00een c\u0103l\u0103torii, se manevreaz\u0103 cu o singur\u0103 m\u00e2n\u0103 \u0219i \u00eencap \u00een orice sertar.<\/p>\n<div class=\"klb-readmore entry-button\"><a class=\"btn read-more\" href=\"https:\/\/tutunieftinfiricelpunga.ro\/?product=aparat-manual-pentru-injectat-tutun\">Cite\u0219te mai mult<\/a><\/div>\n","protected":false},"featured_media":3791,"comment_status":"open","ping_status":"closed","template":"","meta":[],"product_brand":[],"product_cat":[129],"product_tag":[],"class_list":{"0":"post-2674","1":"product","2":"type-product","3":"status-publish","4":"has-post-thumbnail","6":"product_cat-accesorii","8":"first","9":"instock","10":"shipping-taxable","11":"purchasable","12":"product-type-simple"},"aioseo_notices":[],"jetpack_sharing_enabled":true,"_links":{"self":[{"href":"https:\/\/tutunieftinfiricelpunga.ro\/index.php?rest_route=\/wp\/v2\/product\/2674","targetHints":{"allow":["GET"]}}],"collection":[{"href":"https:\/\/tutunieftinfiricelpunga.ro\/index.php?rest_route=\/wp\/v2\/product"}],"about":[{"href":"https:\/\/tutunieftinfiricelpunga.ro\/index.php?rest_route=\/wp\/v2\/types\/product"}],"replies":[{"embeddable":true,"href":"https:\/\/tutunieftinfiricelpunga.ro\/index.php?rest_route=%2Fwp%2Fv2%2Fcomments&post=2674"}],"wp:featuredmedia":[{"embeddable":true,"href":"https:\/\/tutunieftinfiricelpunga.ro\/index.php?rest_route=\/wp\/v2\/media\/3791"}],"wp:attachment":[{"href":"https:\/\/tutunieftinfiricelpunga.ro\/index.php?rest_route=%2Fwp%2Fv2%2Fmedia&parent=2674"}],"wp:term":[{"taxonomy":"product_brand","embeddable":true,"href":"https:\/\/tutunieftinfiricelpunga.ro\/index.php?rest_route=%2Fwp%2Fv2%2Fproduct_brand&post=2674"},{"taxonomy":"product_cat","embeddable":true,"href":"https:\/\/tutunieftinfiricelpunga.ro\/index.php?rest_route=%2Fwp%2Fv2%2Fproduct_cat&post=2674"},{"taxonomy":"product_tag","embeddable":true,"href":"https:\/\/tutunieftinfiricelpunga.ro\/index.php?rest_route=%2Fwp%2Fv2%2Fproduct_tag&post=2674"}],"curies":[{"name":"wp","href":"https:\/\/api.w.org\/{rel}","templated":true}]}}